{"id":55,"date":"2024-04-14T18:15:36","date_gmt":"2024-04-14T16:15:36","guid":{"rendered":"https:\/\/wiartsculptures.eu\/?page_id=55"},"modified":"2024-05-22T23:41:00","modified_gmt":"2024-05-22T21:41:00","slug":"presentaton","status":"publish","type":"page","link":"https:\/\/wiartsculptures.eu\/index.php\/presentaton\/","title":{"rendered":"Pr\u00e9sentaton"},"content":{"rendered":"\t\t<div data-elementor-type=\"wp-page\" data-elementor-id=\"55\" class=\"elementor elementor-55\" data-elementor-post-type=\"page\">\n\t\t\t\t<div class=\"elementor-element elementor-element-906e59f e-flex e-con-boxed e-con e-parent\" data-id=\"906e59f\" data-element_type=\"container\" data-e-type=\"container\">\n\t\t\t\t\t<div class=\"e-con-inner\">\n\t\t\t\t<div class=\"elementor-element elementor-element-737f315 elementor-nav-menu__align-center elementor-nav-menu--dropdown-tablet elementor-nav-menu__text-align-aside elementor-nav-menu--toggle elementor-nav-menu--burger elementor-widget elementor-widget-global elementor-global-74 elementor-widget-nav-menu\" data-id=\"737f315\" data-element_type=\"widget\" data-e-type=\"widget\" data-settings=\"{&quot;layout&quot;:&quot;horizontal&quot;,&quot;submenu_icon&quot;:{&quot;value&quot;:&quot;fas fa-caret-down&quot;,&quot;library&quot;:&quot;fa-solid&quot;},&quot;toggle&quot;:&quot;burger&quot;}\" data-widget_type=\"nav-menu.default\">\n\t\t\t\t<div class=\"elementor-widget-container\">\n\t\t\t\t\t\t\t\t<nav aria-label=\"Menu\" class=\"elementor-nav-menu--main elementor-nav-menu__container elementor-nav-menu--layout-horizontal e--pointer-none\">\n\t\t\t\t<ul id=\"menu-1-737f315\" class=\"elementor-nav-menu\"><li class=\"menu-item menu-item-type-post_type menu-item-object-page menu-item-home menu-item-64\"><a href=\"https:\/\/wiartsculptures.eu\/\" class=\"elementor-item\">Accueil<\/a><\/li>\n<li class=\"menu-item menu-item-type-post_type menu-item-object-page menu-item-60\"><a href=\"https:\/\/wiartsculptures.eu\/index.php\/presentaton\/\" class=\"elementor-item\">Pr\u00e9sentation<\/a><\/li>\n<li class=\"menu-item menu-item-type-post_type menu-item-object-page menu-item-61\"><a href=\"https:\/\/wiartsculptures.eu\/index.php\/evenement\/\" class=\"elementor-item\">Expositions<\/a><\/li>\n<li class=\"menu-item menu-item-type-post_type menu-item-object-page menu-item-572\"><a href=\"https:\/\/wiartsculptures.eu\/index.php\/dessins\/\" class=\"elementor-item\">Dessins<\/a><\/li>\n<li class=\"menu-item menu-item-type-post_type menu-item-object-page menu-item-62\"><a href=\"https:\/\/wiartsculptures.eu\/index.php\/biographie\/\" class=\"elementor-item\">Biographie<\/a><\/li>\n<li class=\"menu-item menu-item-type-post_type menu-item-object-page menu-item-63\"><a href=\"https:\/\/wiartsculptures.eu\/index.php\/contact\/\" class=\"elementor-item\">Contact<\/a><\/li>\n<li class=\"menu-item menu-item-type-custom menu-item-object-custom menu-item-480\"><a href=\"https:\/\/www.instagram.com\/wiartsculptures\/\" class=\"elementor-item\">Instagram<\/a><\/li>\n<\/ul>\t\t\t<\/nav>\n\t\t\t\t\t<div class=\"elementor-menu-toggle\" role=\"button\" tabindex=\"0\" aria-label=\"Menu Toggle\" aria-expanded=\"false\">\n\t\t\t<svg aria-hidden=\"true\" role=\"presentation\" class=\"elementor-menu-toggle__icon--open e-font-icon-svg e-eicon-menu-bar\" viewBox=\"0 0 1000 1000\" xmlns=\"http:\/\/www.w3.org\/2000\/svg\"><path d=\"M104 333H896C929 333 958 304 958 271S929 208 896 208H104C71 208 42 237 42 271S71 333 104 333ZM104 583H896C929 583 958 554 958 521S929 458 896 458H104C71 458 42 487 42 521S71 583 104 583ZM104 833H896C929 833 958 804 958 771S929 708 896 708H104C71 708 42 737 42 771S71 833 104 833Z\"><\/path><\/svg><svg aria-hidden=\"true\" role=\"presentation\" class=\"elementor-menu-toggle__icon--close e-font-icon-svg e-eicon-close\" viewBox=\"0 0 1000 1000\" xmlns=\"http:\/\/www.w3.org\/2000\/svg\"><path d=\"M742 167L500 408 258 167C246 154 233 150 217 150 196 150 179 158 167 167 154 179 150 196 150 212 150 229 154 242 171 254L408 500 167 742C138 771 138 800 167 829 196 858 225 858 254 829L496 587 738 829C750 842 767 846 783 846 800 846 817 842 829 829 842 817 846 804 846 783 846 767 842 750 829 737L588 500 833 258C863 229 863 200 833 171 804 137 775 137 742 167Z\"><\/path><\/svg>\t\t<\/div>\n\t\t\t\t\t<nav class=\"elementor-nav-menu--dropdown elementor-nav-menu__container\" aria-hidden=\"true\">\n\t\t\t\t<ul id=\"menu-2-737f315\" class=\"elementor-nav-menu\"><li class=\"menu-item menu-item-type-post_type menu-item-object-page menu-item-home menu-item-64\"><a href=\"https:\/\/wiartsculptures.eu\/\" class=\"elementor-item\" tabindex=\"-1\">Accueil<\/a><\/li>\n<li class=\"menu-item menu-item-type-post_type menu-item-object-page menu-item-60\"><a href=\"https:\/\/wiartsculptures.eu\/index.php\/presentaton\/\" class=\"elementor-item\" tabindex=\"-1\">Pr\u00e9sentation<\/a><\/li>\n<li class=\"menu-item menu-item-type-post_type menu-item-object-page menu-item-61\"><a href=\"https:\/\/wiartsculptures.eu\/index.php\/evenement\/\" class=\"elementor-item\" tabindex=\"-1\">Expositions<\/a><\/li>\n<li class=\"menu-item menu-item-type-post_type menu-item-object-page menu-item-572\"><a href=\"https:\/\/wiartsculptures.eu\/index.php\/dessins\/\" class=\"elementor-item\" tabindex=\"-1\">Dessins<\/a><\/li>\n<li class=\"menu-item menu-item-type-post_type menu-item-object-page menu-item-62\"><a href=\"https:\/\/wiartsculptures.eu\/index.php\/biographie\/\" class=\"elementor-item\" tabindex=\"-1\">Biographie<\/a><\/li>\n<li class=\"menu-item menu-item-type-post_type menu-item-object-page menu-item-63\"><a href=\"https:\/\/wiartsculptures.eu\/index.php\/contact\/\" class=\"elementor-item\" tabindex=\"-1\">Contact<\/a><\/li>\n<li class=\"menu-item menu-item-type-custom menu-item-object-custom menu-item-480\"><a href=\"https:\/\/www.instagram.com\/wiartsculptures\/\" class=\"elementor-item\" tabindex=\"-1\">Instagram<\/a><\/li>\n<\/ul>\t\t\t<\/nav>\n\t\t\t\t\t\t<\/div>\n\t\t\t\t<\/div>\n\t\t\t\t\t<\/div>\n\t\t\t\t<\/div>\n\t\t<div class=\"elementor-element elementor-element-7290136d e-flex e-con-boxed e-con e-parent\" data-id=\"7290136d\" data-element_type=\"container\" data-e-type=\"container\">\n\t\t\t\t\t<div class=\"e-con-inner\">\n\t\t\t\t<div class=\"elementor-element elementor-element-68aaaf8e elementor-widget elementor-widget-heading\" data-id=\"68aaaf8e\" data-element_type=\"widget\" data-e-type=\"widget\" data-widget_type=\"heading.default\">\n\t\t\t\t<div class=\"elementor-widget-container\">\n\t\t\t\t\t<h2 class=\"elementor-heading-title elementor-size-default\">Pr\u00e9sentation<\/h2>\t\t\t\t<\/div>\n\t\t\t\t<\/div>\n\t\t\t\t\t<\/div>\n\t\t\t\t<\/div>\n\t\t<div class=\"elementor-element elementor-element-fae9c67 e-flex e-con-boxed e-con e-parent\" data-id=\"fae9c67\" data-element_type=\"container\" data-e-type=\"container\">\n\t\t\t\t\t<div class=\"e-con-inner\">\n\t\t<div class=\"elementor-element elementor-element-f0fd68d e-con-full e-flex e-con e-child\" data-id=\"f0fd68d\" data-element_type=\"container\" data-e-type=\"container\">\n\t\t\t\t<div class=\"elementor-element elementor-element-d2c8c27 elementor-widget elementor-widget-text-editor\" data-id=\"d2c8c27\" data-element_type=\"widget\" data-e-type=\"widget\" data-widget_type=\"text-editor.default\">\n\t\t\t\t<div class=\"elementor-widget-container\">\n\t\t\t\t\t\t\t\t\t<p><span lang=\"FR\">La sculpture prend son volume et vous tient dans son espace transform\u00e9 autour d\u2019elle. Le pouvoir archa\u00efque des idoles vient de l\u00e0. Stables en leur lieu, elles font vibrer l\u2019air autour d\u2019elles et donnent une figure nouvelle aux lieux communs. Elles sont tandis que nous passons. Quand les yeux du corps regardent un corps, l\u2019\u00e2me lui pr\u00eate une \u00e2me et s\u2019en trouve profond\u00e9ment model\u00e9e. Toute sculpture n\u2019est peut-\u00eatre que le t\u00e9moin interm\u00e9diaire et mat\u00e9riel de ce double modelage spirituel o\u00f9 le travail du sculpteur et le regard de l\u2019amateur fa\u00e7onnent en deux \u00e2mes une forme qui leur est commune. Cette forme peut inspirer l\u2019effroi sacr\u00e9 d\u2019une religion de la peur ou la s\u00e9duction commode de ce qui est agr\u00e9able et ais\u00e9ment communicable. Mais les sculptures de V\u00e9ronique Dujardin-Wiart s\u2019affranchissent de ces formes d\u2019idol\u00e2trie que sont la s\u00e9duction du mal et de la facilit\u00e9. Ces pr\u00eatres d\u2019une religion inconnue ne pratiquent le sacrifice que d\u2019une id\u00e9ologie bavarde, ils sont hi\u00e9ratiques sans \u00eatre mena\u00e7ants, la force est avec eux de toute \u00e9vidence, mais elle est douce parce qu\u2019elle ne doute pas d\u2019elle-m\u00eame. Toutes les \u0153uvres de V D. Wiart nous apparaissent comme t\u00e9moignant d\u2019une civilisation qu\u2019aucune arch\u00e9ologie n\u2019aurait encore d\u00e9couverte. Leur unit\u00e9 est dans leurs formes qui se r\u00e9pondent, comme si l\u2019une avait enfant\u00e9 l\u2019autre et ainsi de suite, un peu comme un motif peut courir de l\u2019une \u00e0 l\u2019autre invitant le regard et l\u2019esprit \u00e0 continuer ce que les lignes et la terre interrompent pour mieux se retrouver ensuite. Animaux imaginaires, personnages sans \u00e2ge venant d\u2019Afrique, d\u2019Asie et d\u2019occident se retrouvent pour nous et font m\u00e9diter l\u2019\u00e9mail et le bronze.<\/span><\/p><p><strong>Philippe Gaudin, docteur en philosophie<\/strong><\/p>\t\t\t\t\t\t\t\t<\/div>\n\t\t\t\t<\/div>\n\t\t\t\t<\/div>\n\t\t<div class=\"elementor-element elementor-element-ae7e202 e-con-full e-flex e-con e-child\" data-id=\"ae7e202\" data-element_type=\"container\" data-e-type=\"container\">\n\t\t\t\t<div class=\"elementor-element elementor-element-3237619 elementor-widget elementor-widget-text-editor\" data-id=\"3237619\" data-element_type=\"widget\" data-e-type=\"widget\" data-widget_type=\"text-editor.default\">\n\t\t\t\t<div class=\"elementor-widget-container\">\n\t\t\t\t\t\t\t\t\t<p>Emmitoufl\u00e9es dans leurs grands manteaux noir et blanc, les mille sculptures aux mille dessins que V. D. Wiart a sculpt\u00e9es ces vingt derni\u00e8res ann\u00e9es sortent de son atelier chaque ann\u00e9e pour s\u2019exposer au sein de galeries pr\u00e9alablement s\u00e9lectionn\u00e9es avec soin.<br \/>Mass\u00e9es les unes contre les autres, v\u00eatues de modestes kimonos ou de pantalons cannel\u00e9es, elles se pr\u00e9sentent seules ou en couples, jonglent, courent, p\u00eachent, s\u2019agenouillent ou cherchent maladroitement leur envol. Avec leurs visages \u00e0 peine \u00e9bauch\u00e9s, leurs petites mains plaqu\u00e9es sagement contre leurs corps et leurs rayures et stries bienfaisantes, elles d\u00e9fient ce monde en qu\u00eate d\u2019\u00e9ternel jeunesse.<br \/>Les sculptures mont\u00e9es au colombin de gr\u00e8s autour d\u2019un vide central ne d\u00e9passent jamais plus d\u2019un m\u00e8tre. Au moment de les fermer, V. D. Wiart leur donne vie en en insufflant l\u2019int\u00e9rieur \u00e0 l\u2019aide d\u2019une paille. Les sculptures n\u2019ayant pas d\u2019armature se d\u00e9ploient naturellement, les pans de leurs manteaux tombent, se d\u00e9forment et se stabilisent. Puis commence cette longue \u00e9laboration du relief qui donnera \u00e0 la forme propos\u00e9e par le hasard une personnalit\u00e9 dict\u00e9e par le destin. Le relief se fait motif, puis narration, il se brouille, se transforme et s\u2019\u00e9lance avant de devenir l\u2019expression rayonnante d\u2019un art puissant.<br \/>Tour \u00e0 tour m\u00e9nines, japonaises, p\u00eacheurs, \u00e9quilibristes, samoura\u00efs, les sculptures de V\u00e9ronique Wiart sont ainsi devenues ces d\u00e9esses tut\u00e9laires qui, par leurs pr\u00e9sences, pr\u00e9servent la paix du foyer et qui, le soir venu, nous guident sur le chemin des r\u00eaves.<\/p><p><strong>\u00a0Marie Cordi\u00e9 Levy, docteur en histoire de l\u2019art.<\/strong><\/p>\t\t\t\t\t\t\t\t<\/div>\n\t\t\t\t<\/div>\n\t\t\t\t<\/div>\n\t\t\t\t\t<\/div>\n\t\t\t\t<\/div>\n\t\t<div class=\"elementor-element elementor-element-b347939 e-flex e-con-boxed e-con e-parent\" data-id=\"b347939\" data-element_type=\"container\" data-e-type=\"container\">\n\t\t\t\t\t<div class=\"e-con-inner\">\n\t\t\t\t<div class=\"elementor-element elementor-element-434 elementor-nav-menu__align-center elementor-nav-menu--dropdown-tablet elementor-nav-menu__text-align-aside elementor-nav-menu--toggle elementor-nav-menu--burger elementor-widget elementor-widget-global elementor-global-434 elementor-widget-nav-menu\" data-id=\"434\" data-element_type=\"widget\" data-e-type=\"widget\" data-settings=\"{&quot;layout&quot;:&quot;horizontal&quot;,&quot;submenu_icon&quot;:{&quot;value&quot;:&quot;fas fa-caret-down&quot;,&quot;library&quot;:&quot;fa-solid&quot;},&quot;toggle&quot;:&quot;burger&quot;}\" data-widget_type=\"nav-menu.default\">\n\t\t\t\t<div class=\"elementor-widget-container\">\n\t\t\t\t\t\t\t\t<nav aria-label=\"Menu\" class=\"elementor-nav-menu--main elementor-nav-menu__container elementor-nav-menu--layout-horizontal e--pointer-none\">\n\t\t\t\t<ul id=\"menu-1-434\" class=\"elementor-nav-menu\"><li class=\"menu-item menu-item-type-custom menu-item-object-custom menu-item-404\"><a href=\"#\" class=\"elementor-item elementor-item-anchor\">Copyright @2024 V\u00e9ronique Wiart<\/a><\/li>\n<li class=\"menu-item menu-item-type-post_type menu-item-object-page menu-item-433\"><a href=\"https:\/\/wiartsculptures.eu\/index.php\/mentions-legales\/\" class=\"elementor-item\">Mentions l\u00e9gales<\/a><\/li>\n<li class=\"menu-item menu-item-type-post_type menu-item-object-page menu-item-403\"><a href=\"https:\/\/wiartsculptures.eu\/index.php\/contact\/\" class=\"elementor-item\">Contact<\/a><\/li>\n<\/ul>\t\t\t<\/nav>\n\t\t\t\t\t<div class=\"elementor-menu-toggle\" role=\"button\" tabindex=\"0\" aria-label=\"Menu Toggle\" aria-expanded=\"false\">\n\t\t\t<svg aria-hidden=\"true\" role=\"presentation\" class=\"elementor-menu-toggle__icon--open e-font-icon-svg e-eicon-menu-bar\" viewBox=\"0 0 1000 1000\" xmlns=\"http:\/\/www.w3.org\/2000\/svg\"><path d=\"M104 333H896C929 333 958 304 958 271S929 208 896 208H104C71 208 42 237 42 271S71 333 104 333ZM104 583H896C929 583 958 554 958 521S929 458 896 458H104C71 458 42 487 42 521S71 583 104 583ZM104 833H896C929 833 958 804 958 771S929 708 896 708H104C71 708 42 737 42 771S71 833 104 833Z\"><\/path><\/svg><svg aria-hidden=\"true\" role=\"presentation\" class=\"elementor-menu-toggle__icon--close e-font-icon-svg e-eicon-close\" viewBox=\"0 0 1000 1000\" xmlns=\"http:\/\/www.w3.org\/2000\/svg\"><path d=\"M742 167L500 408 258 167C246 154 233 150 217 150 196 150 179 158 167 167 154 179 150 196 150 212 150 229 154 242 171 254L408 500 167 742C138 771 138 800 167 829 196 858 225 858 254 829L496 587 738 829C750 842 767 846 783 846 800 846 817 842 829 829 842 817 846 804 846 783 846 767 842 750 829 737L588 500 833 258C863 229 863 200 833 171 804 137 775 137 742 167Z\"><\/path><\/svg>\t\t<\/div>\n\t\t\t\t\t<nav class=\"elementor-nav-menu--dropdown elementor-nav-menu__container\" aria-hidden=\"true\">\n\t\t\t\t<ul id=\"menu-2-434\" class=\"elementor-nav-menu\"><li class=\"menu-item menu-item-type-custom menu-item-object-custom menu-item-404\"><a href=\"#\" class=\"elementor-item elementor-item-anchor\" tabindex=\"-1\">Copyright @2024 V\u00e9ronique Wiart<\/a><\/li>\n<li class=\"menu-item menu-item-type-post_type menu-item-object-page menu-item-433\"><a href=\"https:\/\/wiartsculptures.eu\/index.php\/mentions-legales\/\" class=\"elementor-item\" tabindex=\"-1\">Mentions l\u00e9gales<\/a><\/li>\n<li class=\"menu-item menu-item-type-post_type menu-item-object-page menu-item-403\"><a href=\"https:\/\/wiartsculptures.eu\/index.php\/contact\/\" class=\"elementor-item\" tabindex=\"-1\">Contact<\/a><\/li>\n<\/ul>\t\t\t<\/nav>\n\t\t\t\t\t\t<\/div>\n\t\t\t\t<\/div>\n\t\t\t\t\t<\/div>\n\t\t\t\t<\/div>\n\t\t\t\t<\/div>\n\t\t","protected":false},"excerpt":{"rendered":"<p>Pr\u00e9sentation La sculpture prend son volume et vous tient dans son espace transform\u00e9 autour d\u2019elle. Le pouvoir archa\u00efque des idoles vient de l\u00e0. Stables en leur lieu, elles font vibrer l\u2019air autour d\u2019elles et donnent une figure nouvelle aux lieux communs. Elles sont tandis que nous passons. Quand les yeux du corps regardent un corps, [&hellip;]<\/p>\n","protected":false},"author":1,"featured_media":0,"parent":0,"menu_order":0,"comment_status":"closed","ping_status":"closed","template":"elementor_canvas","meta":{"footnotes":""},"class_list":["post-55","page","type-page","status-publish","hentry"],"_links":{"self":[{"href":"https:\/\/wiartsculptures.eu\/index.php\/wp-json\/wp\/v2\/pages\/55","targetHints":{"allow":["GET"]}}],"collection":[{"href":"https:\/\/wiartsculptures.eu\/index.php\/wp-json\/wp\/v2\/pages"}],"about":[{"href":"https:\/\/wiartsculptures.eu\/index.php\/wp-json\/wp\/v2\/types\/page"}],"author":[{"embeddable":true,"href":"https:\/\/wiartsculptures.eu\/index.php\/wp-json\/wp\/v2\/users\/1"}],"replies":[{"embeddable":true,"href":"https:\/\/wiartsculptures.eu\/index.php\/wp-json\/wp\/v2\/comments?post=55"}],"version-history":[{"count":91,"href":"https:\/\/wiartsculptures.eu\/index.php\/wp-json\/wp\/v2\/pages\/55\/revisions"}],"predecessor-version":[{"id":709,"href":"https:\/\/wiartsculptures.eu\/index.php\/wp-json\/wp\/v2\/pages\/55\/revisions\/709"}],"wp:attachment":[{"href":"https:\/\/wiartsculptures.eu\/index.php\/wp-json\/wp\/v2\/media?parent=55"}],"curies":[{"name":"wp","href":"https:\/\/api.w.org\/{rel}","templated":true}]}}